
{"id":466,"date":"2022-01-27T16:33:57","date_gmt":"2022-01-27T07:33:57","guid":{"rendered":"https:\/\/mayuskit.comeng\/?page_id=466"},"modified":"2025-11-27T20:49:10","modified_gmt":"2025-11-27T12:49:10","slug":"chef-service","status":"publish","type":"page","link":"https:\/\/mayuskit.com\/eng\/service\/chef-service\/","title":{"rendered":"PRIVATE CHEF"},"content":{"rendered":"\n<h2 class=\"wp-block-heading has-text-align-center\"><strong>PRIVATE CHEF<\/strong> SERVICE<\/h2>\n\n\n\n<p><strong>In-Home Michelin-Worthy Dining Experience<\/strong><\/p>\n\n\n\n<p>Transform your home into an exclusive fine-dining restaurant for one unforgettable evening.<br>A professional chef comes to you, preparing exquisite French cuisine with delicate Japanese influences \u2014 completely tailored to your tastes, dietary needs, and occasion.<\/p>\n\n\n\n<h3 class=\"wp-block-heading\">Perfect for Any Special Occasion<\/h3>\n\n\n\n<ul class=\"wp-block-list\">\n<li>Birthday &amp; anniversary celebrations<\/li>\n\n\n\n<li>Housewarming parties &amp;  Intimate family gatherings<\/li>\n\n\n\n<li>Christmas, New Year, or year-end celebrations<\/li>\n\n\n\n<li>Farewell or welcome dinners (including with VIPs or bosses)<\/li>\n<\/ul>\n\n\n\n<figure class=\"wp-block-gallery has-nested-images columns-default is-cropped wp-block-gallery-1 is-layout-flex wp-block-gallery-is-layout-flex\">\n<figure class=\"wp-block-image size-large\"><img loading=\"lazy\" decoding=\"async\" width=\"512\" height=\"640\" data-id=\"2836\" src=\"https:\/\/mayuskit.com\/eng\/wp-content\/uploads\/sites\/3\/2023\/11\/Autumn-Canape-1.jpeg\" alt=\"\" class=\"wp-image-2836\" srcset=\"https:\/\/mayuskit.com\/eng\/wp-content\/uploads\/sites\/3\/2023\/11\/Autumn-Canape-1.jpeg 512w, https:\/\/mayuskit.com\/eng\/wp-content\/uploads\/sites\/3\/2023\/11\/Autumn-Canape-1-240x300.jpeg 240w\" sizes=\"auto, (max-width: 512px) 100vw, 512px\" \/><figcaption class=\"wp-element-caption\">Autumn Canap\u00e9<\/figcaption><\/figure>\n\n\n\n<figure class=\"wp-block-image size-large\"><img loading=\"lazy\" decoding=\"async\" width=\"432\" height=\"640\" data-id=\"2818\" src=\"https:\/\/mayuskit.com\/eng\/wp-content\/uploads\/sites\/3\/2023\/11\/DD-canappe-Welcome-board-stright-photo.jpeg\" alt=\"\" class=\"wp-image-2818\" srcset=\"https:\/\/mayuskit.com\/eng\/wp-content\/uploads\/sites\/3\/2023\/11\/DD-canappe-Welcome-board-stright-photo.jpeg 432w, https:\/\/mayuskit.com\/eng\/wp-content\/uploads\/sites\/3\/2023\/11\/DD-canappe-Welcome-board-stright-photo-203x300.jpeg 203w\" sizes=\"auto, (max-width: 432px) 100vw, 432px\" \/><figcaption class=\"wp-element-caption\">Welcome canap\u00e9 <\/figcaption><\/figure>\n\n\n\n<figure class=\"wp-block-image size-large\"><img loading=\"lazy\" decoding=\"async\" width=\"640\" height=\"482\" data-id=\"2415\" src=\"https:\/\/mayuskit.com\/eng\/wp-content\/uploads\/sites\/3\/2023\/03\/b6ba0708-1bfd-4b53-bd29-109fddf54696.jpeg\" alt=\"\" class=\"wp-image-2415\" srcset=\"https:\/\/mayuskit.com\/eng\/wp-content\/uploads\/sites\/3\/2023\/03\/b6ba0708-1bfd-4b53-bd29-109fddf54696.jpeg 640w, https:\/\/mayuskit.com\/eng\/wp-content\/uploads\/sites\/3\/2023\/03\/b6ba0708-1bfd-4b53-bd29-109fddf54696-300x226.jpeg 300w\" sizes=\"auto, (max-width: 640px) 100vw, 640px\" \/><figcaption class=\"wp-element-caption\">Dinner Evnet <\/figcaption><\/figure>\n\n\n\n<figure class=\"wp-block-image size-large\"><img loading=\"lazy\" decoding=\"async\" width=\"427\" height=\"640\" data-id=\"2209\" src=\"https:\/\/mayuskit.com\/eng\/wp-content\/uploads\/sites\/3\/2022\/09\/065.jpeg\" alt=\"\" class=\"wp-image-2209\" srcset=\"https:\/\/mayuskit.com\/eng\/wp-content\/uploads\/sites\/3\/2022\/09\/065.jpeg 427w, https:\/\/mayuskit.com\/eng\/wp-content\/uploads\/sites\/3\/2022\/09\/065-200x300.jpeg 200w\" sizes=\"auto, (max-width: 427px) 100vw, 427px\" \/><figcaption class=\"wp-element-caption\">Karuizawa Auberge <\/figcaption><\/figure>\n\n\n\n<figure class=\"wp-block-image\"><img loading=\"lazy\" decoding=\"async\" width=\"600\" height=\"600\" data-id=\"983\" src=\"https:\/\/mayuskit.com\/eng\/wp-content\/uploads\/sites\/3\/2022\/02\/e598f6952acdc46d661491e166556692.png\" alt=\"\" class=\"wp-image-983\" srcset=\"https:\/\/mayuskit.com\/eng\/wp-content\/uploads\/sites\/3\/2022\/02\/e598f6952acdc46d661491e166556692.png 600w, https:\/\/mayuskit.com\/eng\/wp-content\/uploads\/sites\/3\/2022\/02\/e598f6952acdc46d661491e166556692-300x300.png 300w, https:\/\/mayuskit.com\/eng\/wp-content\/uploads\/sites\/3\/2022\/02\/e598f6952acdc46d661491e166556692-150x150.png 150w\" sizes=\"auto, (max-width: 600px) 100vw, 600px\" \/><figcaption class=\"wp-element-caption\">Ambassador residence<\/figcaption><\/figure>\n\n\n\n<figure class=\"wp-block-image size-large\"><img loading=\"lazy\" decoding=\"async\" width=\"640\" height=\"480\" data-id=\"2437\" src=\"https:\/\/mayuskit.com\/eng\/wp-content\/uploads\/sites\/3\/2023\/03\/5633f75d-0ec6-4674-a5a1-937760498e58.jpeg\" alt=\"\" class=\"wp-image-2437\" srcset=\"https:\/\/mayuskit.com\/eng\/wp-content\/uploads\/sites\/3\/2023\/03\/5633f75d-0ec6-4674-a5a1-937760498e58.jpeg 640w, https:\/\/mayuskit.com\/eng\/wp-content\/uploads\/sites\/3\/2023\/03\/5633f75d-0ec6-4674-a5a1-937760498e58-300x225.jpeg 300w\" sizes=\"auto, (max-width: 640px) 100vw, 640px\" \/><figcaption class=\"wp-element-caption\">Dangerous Dinner 1 <\/figcaption><\/figure>\n<\/figure>\n\n\n\n<h3 class=\"wp-block-heading\">Choose Your Dining Style<\/h3>\n\n\n\n<p><strong>\u2460 Plated Full-Course (Seated)<\/strong><br>Fine-dining experience \u2014 each course beautifully plated and served individually, just like at a restaurant.<\/p>\n\n\n\n<p><strong>\u2461 Buffet Style<\/strong><br>Elegant large platters designed for mingling \u2014 ideal for more casual celebrations and larger groups.<\/p>\n\n\n\n<p><strong>\u2462 Private Cooking Class (Optional Add-on)<\/strong><br>Cook alongside the chef with your guests \u2014 a fun, interactive experience.<br>(See our <a href=\"https:\/\/mayuskit.com\/eng\/class\/\" target=\"_blank\" rel=\"noopener\" title=\"COOKING CLASS\">Cooking Class page<\/a> for sample menus)<\/p>\n\n\n\n<h3 class=\"wp-block-heading\">What\u2019s Included<\/h3>\n\n\n\n<ul class=\"wp-block-list\">\n<li>Chef arrives 2 hours early with all fresh, premium ingredients<\/li>\n\n\n\n<li>Over 6  dishes in the courses (amuse-bouche, appetizers, mains, dessert, &amp; etc)<\/li>\n\n\n\n<li>Full service: approximately 4\u20135 hours (preparation to clean-up). *It runs smoother with help from your helpers.<\/li>\n<\/ul>\n\n\n\n<h3 class=\"wp-block-heading\">Pricing<\/h3>\n\n\n\n<p><strong>HKD 1,200 \u2013 2,200 per person<\/strong><br>Minimum order: HKD 6,000<br>Menus are 100% customizable \u2014 from elegant classics to ultra-luxurious experiences.<\/p>\n\n\n\n<h3 class=\"wp-block-heading\">Sample Menus<\/h3>\n\n\n\n<figure class=\"wp-block-table\"><table class=\"has-fixed-layout\"><thead><tr><th>HKD 1,500 \/pp. Seasonal Course<\/th><th>HKD 1,800 \/ pp.  Sea&amp;Land Course<\/th><th>HKD 2,200 \/ pp.  Luxury Premium Course <\/th><\/tr><\/thead><tbody><tr><td>\u2022 Amuse-bouche Trio (Parma ham &amp; fig bruschetta, prawn &amp; avocado tartlet, foie gras monaka)<\/td><td>\u2022 4\u20135 Fusion Canap\u00e9s (sushi-style, mini tonkatsu sandwiches, yuzu-miso salmon, grilled eel)<\/td><td>\u2022 Amuse-bouche  (caviar, oyster with yuzu jelly, truffle brioche,<\/td><\/tr><tr><td>\u2022 Hokkaido scallop, yuzu &amp; herb vierge<\/td><td>\u2022 Seared toro, duo-shio dressing<\/td><td>\u2022 Bisque a la japonaise<\/td><\/tr><tr><td>\u2022 Truffle, wild mushroom, potage<\/td><td>\u2022 Zuwai crab ankake  cauliflower mousse  or Foie gras monaka <\/td><td>\u2022 Seared Hokkaido scallop with truffle mousseline<\/td><\/tr><tr><td>\u2022 Wagyu beef, slow-braised, miso ,wine<\/td><td>\u2022 Truffle &amp; porcini risotto or fresh pasta<\/td><td>\u2022 Lobster, lemon, butter<\/td><\/tr><tr><td>\u2022 Optional French artisan cheese plate (+HKD 150)<\/td><td>\u2022 Wagyu beef,  wasabi sauce<\/td><td>\u2022  Granit\u00e9<\/td><\/tr><tr><td>\u2022 Macha or Vanilla cr\u00e8me br\u00fbl\u00e9e<\/td><td>\u2022 French artisan cheese plate<\/td><td>\u2022 Wagyu, miso, wine<\/td><\/tr><tr><td><\/td><td>\u2022 Dessert plate: matcha financier, yuzu madeleine, fresh fruit <\/td><td>\u2022 French artisan cheese plate<\/td><\/tr><tr><td><\/td><td><\/td><td>\u2022 Valrhona chocolate terrine,  whiskey cream <\/td><\/tr><\/tbody><\/table><\/figure>\n\n\n\n<p><em>Menus change with season and availability. All allergies &amp; preferences fully accommodated.<\/em><\/p>\n\n\n\n<h3 class=\"wp-block-heading\">How It Works<\/h3>\n\n\n\n<ol class=\"wp-block-list\">\n<li>Inquiry &amp; consultation (date, number of guests, budget, dietary requirements, kitchen setup)<\/li>\n\n\n\n<li>Personalized menu proposal &amp; quotation<\/li>\n\n\n\n<li>Deposit \u2192 booking confirmed<\/li>\n\n\n\n<li>Chef arrives and creates magic on the day<\/li>\n\n\n\n<li>Final payment on the day or the payment due date<\/li>\n<\/ol>\n\n\n\n<p><strong>All you need is the desire to celebrate. Leave the rest to us.<\/strong><\/p>\n\n\n\n<p><a href=\"https:\/\/mayuskit.com\/eng\/terms-and-conditions\/\" target=\"_blank\" rel=\"noopener\" title=\"Terms &amp; Conditions ENG\">Terms &amp; Conditions (Please Read)<\/a><\/p>\n\n\n\n<h3 class=\"wp-block-heading\">Ready to create an unforgettable evening?<\/h3>\n\n\n\n<p><a href=\"https:\/\/mayuskit.com\/eng\/contact\/\" target=\"_blank\" rel=\"noopener\" title=\"CONTACT ENG\">Inquire Now<\/a><\/p>\n\n\n\n<div class=\"wp-block-buttons is-content-justification-center is-layout-flex wp-container-core-buttons-is-layout-16018d1d wp-block-buttons-is-layout-flex\">\n<div class=\"wp-block-button is-style-outline is-style-outline--2\" id=\"contact\"><a class=\"wp-block-button__link has-white-color has-luminous-vivid-orange-background-color has-text-color has-background wp-element-button\" href=\"https:\/\/mayuskit.com\/eng\/terms-and-conditions\/\"><strong>Terms and Conditions<\/strong><br>Please read thoroughly<\/a><\/div>\n<\/div>\n\n\n\n<hr class=\"wp-block-separator has-text-color has-vk-color-primary-dark-color has-css-opacity has-vk-color-primary-dark-background-color has-background aligncenter is-style-default\" \/>\n\n\n\n<p><\/p>\n\n\n\n<div class=\"wp-block-cover\" style=\"min-height:200px;aspect-ratio:unset;\"><img loading=\"lazy\" decoding=\"async\" width=\"1900\" height=\"600\" class=\"wp-block-cover__image-background wp-image-88\" alt=\"\" src=\"https:\/\/mayuskit.com\/eng\/wp-content\/uploads\/sites\/3\/2021\/12\/slider2-2-1900x600-1.jpg\" data-object-fit=\"cover\" srcset=\"https:\/\/mayuskit.com\/eng\/wp-content\/uploads\/sites\/3\/2021\/12\/slider2-2-1900x600-1.jpg 1900w, https:\/\/mayuskit.com\/eng\/wp-content\/uploads\/sites\/3\/2021\/12\/slider2-2-1900x600-1-300x95.jpg 300w, https:\/\/mayuskit.com\/eng\/wp-content\/uploads\/sites\/3\/2021\/12\/slider2-2-1900x600-1-1024x323.jpg 1024w, https:\/\/mayuskit.com\/eng\/wp-content\/uploads\/sites\/3\/2021\/12\/slider2-2-1900x600-1-768x243.jpg 768w, https:\/\/mayuskit.com\/eng\/wp-content\/uploads\/sites\/3\/2021\/12\/slider2-2-1900x600-1-1536x485.jpg 1536w\" sizes=\"auto, (max-width: 1900px) 100vw, 1900px\" \/><span aria-hidden=\"true\" class=\"wp-block-cover__background has-background-dim\"><\/span><div class=\"wp-block-cover__inner-container is-layout-flow wp-block-cover-is-layout-flow\">\n<p class=\"has-text-align-center has-white-color has-text-color\">For further information, please contact us.<\/p>\n\n\n\n<div class=\"wp-block-buttons is-content-justification-center is-layout-flex wp-container-core-buttons-is-layout-16018d1d wp-block-buttons-is-layout-flex\">\n<div class=\"wp-block-button\" id=\"contact\"><a class=\"wp-block-button__link wp-element-button\" href=\"https:\/\/mayuskit.com\/eng\/contact\">Contact<\/a><\/div>\n<\/div>\n<\/div><\/div>\n\n\n\n<p><\/p>\n","protected":false},"excerpt":{"rendered":"<p>Fabulous home party<br \/>\nBring a chef to your house<\/p>\n","protected":false},"author":1,"featured_media":88,"parent":66,"menu_order":210,"comment_status":"closed","ping_status":"closed","template":"","meta":{"footnotes":""},"class_list":["post-466","page","type-page","status-publish","has-post-thumbnail","hentry"],"aioseo_notices":[],"_links":{"self":[{"href":"https:\/\/mayuskit.com\/eng\/wp-json\/wp\/v2\/pages\/466","targetHints":{"allow":["GET"]}}],"collection":[{"href":"https:\/\/mayuskit.com\/eng\/wp-json\/wp\/v2\/pages"}],"about":[{"href":"https:\/\/mayuskit.com\/eng\/wp-json\/wp\/v2\/types\/page"}],"author":[{"embeddable":true,"href":"https:\/\/mayuskit.com\/eng\/wp-json\/wp\/v2\/users\/1"}],"replies":[{"embeddable":true,"href":"https:\/\/mayuskit.com\/eng\/wp-json\/wp\/v2\/comments?post=466"}],"version-history":[{"count":157,"href":"https:\/\/mayuskit.com\/eng\/wp-json\/wp\/v2\/pages\/466\/revisions"}],"predecessor-version":[{"id":3301,"href":"https:\/\/mayuskit.com\/eng\/wp-json\/wp\/v2\/pages\/466\/revisions\/3301"}],"up":[{"embeddable":true,"href":"https:\/\/mayuskit.com\/eng\/wp-json\/wp\/v2\/pages\/66"}],"wp:featuredmedia":[{"embeddable":true,"href":"https:\/\/mayuskit.com\/eng\/wp-json\/wp\/v2\/media\/88"}],"wp:attachment":[{"href":"https:\/\/mayuskit.com\/eng\/wp-json\/wp\/v2\/media?parent=466"}],"curies":[{"name":"wp","href":"https:\/\/api.w.org\/{rel}","templated":true}]}}